{"id":4298,"date":"2022-03-29T13:42:47","date_gmt":"2022-03-29T11:42:47","guid":{"rendered":"https:\/\/www.azur-music-production.com\/?page_id=4298"},"modified":"2022-05-10T14:28:15","modified_gmt":"2022-05-10T12:28:15","slug":"monaco-brass-fr","status":"publish","type":"page","link":"https:\/\/www.azur-music-production.com\/?page_id=4298","title":{"rendered":"Monaco Brass"},"content":{"rendered":"<div class='av-hotspot-image-container avia_animate_when_almost_visible   av-hotspot-numbered av-mobile-fallback-active     av-non-fullwidth-hotspot-image '  itemprop=\"ImageObject\" itemscope=\"itemscope\" itemtype=\"https:\/\/schema.org\/ImageObject\"  ><div class='av-hotspot-container'><div class='av-hotspot-container-inner-cell'><div class='av-hotspot-container-inner-wrap'><img class='avia_image ' src='https:\/\/www.azur-music-production.com\/wp-content\/uploads\/2022\/03\/Ensemble-MB-banniere-1.png' alt='' title='Ensemble-MB-banniere'   itemprop=\"thumbnailUrl\"  \/><\/div><\/div><\/div><\/div>\n<div class=\"flex_column av_one_full  flex_column_div av-zero-column-padding first  \" style='border-radius:0px; '><div style='padding-bottom:10px;' class='av-special-heading av-special-heading-h1     '><h1 class='av-special-heading-tag '  itemprop=\"headline\"  >Video<\/h1><div class='special-heading-border'><div class='special-heading-inner-border' ><\/div><\/div><\/div><\/div>\n<div class=\"flex_column av_three_fourth  flex_column_div av-zero-column-padding first  \" style='border-radius:0px; '><section class=\"av_textblock_section \"  itemscope=\"itemscope\" itemtype=\"https:\/\/schema.org\/CreativeWork\" ><div class='avia_textblock  '   itemprop=\"text\" ><div class='avia-iframe-wrap'><iframe loading=\"lazy\" title=\"Chansons Franc\u0327aises\" width=\"1500\" height=\"844\" src=\"https:\/\/www.youtube.com\/embed\/siefjGlpnVQ?feature=oembed\" frameborder=\"0\" allow=\"accelerometer; autoplay; clipboard-write; encrypted-media; gyroscope; picture-in-picture\" allowfullscreen><\/iframe><\/div>\n<\/div><\/section><\/div>\n<div class=\"flex_column av_one_fourth  flex_column_div av-zero-column-padding   \" style='border-radius:0px; '><div class='avia-image-container  av-styling-no-styling     avia-align-center '  itemprop=\"ImageObject\" itemscope=\"itemscope\" itemtype=\"https:\/\/schema.org\/ImageObject\"  ><div class='avia-image-container-inner'><a href='https:\/\/www.azur-music-production.com\/wp-content\/uploads\/2022\/04\/affiche-finale5.pdf' class='avia_image'   target=\"_blank\" ><img class='avia_image ' src='https:\/\/www.azur-music-production.com\/wp-content\/uploads\/2022\/04\/affiche-finale-1-203x300.png' alt='' title='affiche finale'  itemprop=\"thumbnailUrl\"  \/><\/a><\/div><\/div><\/div>\n<div class=\"flex_column av_one_half  flex_column_div av-zero-column-padding first  \" style='border-radius:0px; '><section class=\"av_textblock_section \"  itemscope=\"itemscope\" itemtype=\"https:\/\/schema.org\/CreativeWork\" ><div class='avia_textblock  '   itemprop=\"text\" ><h1 style=\"text-align: center;\"><strong>Menton <\/strong><\/h1>\n<p style=\"text-align: center;\">24 Mai 2022 &#8211; Palais de l&rsquo;Europe &#8211; 20h30<\/p>\n<p style=\"text-align: center;\">\u00ab\u00a0<strong>Placement Libre<\/strong>\u00ab\u00a0<\/p>\n<p style=\"text-align: center;\">Les portes de la salle ouvriront \u00e0 19:30<\/p>\n<p style=\"text-align: center;\"><a style=\"text-decoration: none; color: #ffffff; background: #39c4ee; padding: .4em 1em;\" href=\"https:\/\/widget.weezevent.com\/ticket\/E829625\/?code=23074&amp;locale=fr-FR&amp;width_auto=1&amp;color_primary=00AEEF\">Achetez vos billets<\/a><\/p>\n<div class=\"gmail_default\" style=\"text-align: center;\">Vous avez \u00e9galement la possibilit\u00e9 en plus d&rsquo;internet d&rsquo;acheter les places<\/div>\n<div class=\"gmail_default\" style=\"text-align: center;\">\u00e0 l&rsquo;<span style=\"font-size: 18pt;\"><strong>Office du Tourisme <\/strong><\/span><\/div>\n<div class=\"gmail_default\" style=\"text-align: center;\">8 av boyer<\/div>\n<div class=\"gmail_default\" style=\"text-align: center;\">06500 MENTON<\/div>\n<div class=\"gmail_default\" style=\"text-align: center;\">DU LUNDI AU SAMEDI<\/div>\n<div class=\"gmail_default\" style=\"text-align: center;\">de 9h \u00e0 12h et 14h \u00e0 18h<\/div>\n<\/div><\/section><\/div><div class=\"flex_column av_one_half  flex_column_div av-zero-column-padding   \" style='border-radius:0px; '><section class=\"av_textblock_section \"  itemscope=\"itemscope\" itemtype=\"https:\/\/schema.org\/CreativeWork\" ><div class='avia_textblock  '   itemprop=\"text\" ><h1 style=\"text-align: center;\"><strong>Toulon <\/strong><\/h1>\n<p style=\"text-align: center;\">25 Mai 2022 &#8211; Palais Neptune &#8211; 20h30<\/p>\n<p style=\"text-align: center;\">\u00ab\u00a0<strong>Placement Libre<\/strong>\u00ab\u00a0<\/p>\n<p style=\"text-align: center;\">Les portes de la salle ouvriront \u00e0 19:30<\/p>\n<p style=\"text-align: center;\"><a style=\"text-decoration: none; color: #ffffff; background: #39c4ee; padding: .4em 1em;\" href=\"https:\/\/widget.weezevent.com\/ticket\/E829652\/?code=35264&amp;locale=fr-FR&amp;width_auto=1&amp;color_primary=00AEEF\">Achetez vos billets<\/a><\/p>\n<\/div><\/section><\/div><\/p>\n<section class=\"av_textblock_section \"  itemscope=\"itemscope\" itemtype=\"https:\/\/schema.org\/CreativeWork\" ><div class='avia_textblock  '   itemprop=\"text\" ><hr \/>\n<p style=\"text-align: center;\">Monaco Brass, Ensemble de Cuivres et percussions compos\u00e9 des solistes de l\u2019Orchestre Philharmonique de Monte-Carlo vous propose une soir\u00e9e exceptionnelle autour d\u2019un programme intitul\u00e9 \u00ab Chansons fran\u00e7aises \u00bb.<\/p>\n<p style=\"text-align: center;\">Les musiciens seront rejoints par ANNE CARRERE et Guy Giuliano, magnifiques artistes qui ont triomph\u00e9 ces derni\u00e8res ann\u00e9es dans les plus grandes salles du monde en interpr\u00e9tant le r\u00e9pertoire d\u2019Edith Piaf<\/p>\n<p style=\"text-align: center;\">DEVANT PLUS D\u2019UN MILLION DE SPECTACTEURS !<\/p>\n<\/div><\/section>\n<div class=\"flex_column av_one_full  flex_column_div av-zero-column-padding first  \" style='border-radius:0px; '><div style='padding-bottom:10px;' class='av-special-heading av-special-heading-h1     '><h1 class='av-special-heading-tag '  itemprop=\"headline\"  >Video<\/h1><div class='special-heading-border'><div class='special-heading-inner-border' ><\/div><\/div><\/div><\/div>\n<div class=\"flex_column av_three_fourth  flex_column_div av-zero-column-padding first  \" style='border-radius:0px; '><section class=\"av_textblock_section \"  itemscope=\"itemscope\" itemtype=\"https:\/\/schema.org\/CreativeWork\" ><div class='avia_textblock  '   itemprop=\"text\" ><div class='avia-iframe-wrap'><iframe loading=\"lazy\" title=\"Chansons Franc\u0327aises\" width=\"1500\" height=\"844\" src=\"https:\/\/www.youtube.com\/embed\/CTtW3ZeFHFw?feature=oembed\" frameborder=\"0\" allow=\"accelerometer; autoplay; clipboard-write; encrypted-media; gyroscope; picture-in-picture\" allowfullscreen><\/iframe><\/div>\n<\/div><\/section><\/div>\n<div class=\"flex_column av_one_fourth  flex_column_div av-zero-column-padding   \" style='border-radius:0px; '><div class='avia-image-container  av-styling-circle     avia-align-center '  itemprop=\"ImageObject\" itemscope=\"itemscope\" itemtype=\"https:\/\/schema.org\/ImageObject\"  ><div class='avia-image-container-inner'><img class='avia_image ' src='https:\/\/www.azur-music-production.com\/wp-content\/uploads\/2022\/03\/Logo-Monaco-Brass-RESA-1-180x180.png' alt='' title='Logo-Monaco-Brass-RESA'   itemprop=\"thumbnailUrl\"  \/><\/div><\/div><\/div>\n<div class=\"flex_column av_one_full  flex_column_div av-zero-column-padding first  \" style='border-radius:0px; '><p><div style='padding-bottom:10px;color:#39c3ee;' class='av-special-heading av-special-heading-h2 custom-color-heading blockquote modern-quote   '><h2 class='av-special-heading-tag '  itemprop=\"headline\"  >Monaco Brass et Anne Carrere<\/h2><div class ='av-subheading av-subheading_below av_custom_color ' style='font-size:20px;'><p>Chansons Fran\u00e7aises<\/p>\n<\/div><div class='special-heading-border'><div class='special-heading-inner-border' style='border-color:#39c3ee'><\/div><\/div><\/div><br \/>\n<section class=\"av_textblock_section \"  itemscope=\"itemscope\" itemtype=\"https:\/\/schema.org\/CreativeWork\" ><div class='avia_textblock  '   itemprop=\"text\" ><p class=\"p1\" style=\"text-align: left;\">Monaco Brass vous propose une soir\u00e9e exceptionnelle autour d\u2019un programme intitul\u00e9 \u00ab <em><strong>Chansons fran\u00e7aises<\/strong><\/em> \u00bb.<\/p>\n<p class=\"p1\" style=\"text-align: left;\">Les musiciens seront rejoints par Anne Carrere et Guy Giuliano, magnifiques artistes qui ont triomph\u00e9 ces derni\u00e8res ann\u00e9es dans les plus grandes salles du monde en interpr\u00e9tant le r\u00e9pertoire d\u2019Edith Piaf.<\/p>\n<p class=\"p1\" style=\"text-align: left;\">Ils vous pr\u00e9senteront une histoire de la chanson fran\u00e7aise, avec un floril\u00e8ge des plus belles chansons de ce si\u00e8cle dernier, de Trenet \u00e0 Nougaro, de Montand \u00e0 Brassens, sans oublier Jacques Brel, Edith Piaf \u2026 ainsi que de belles surprises.<\/p>\n<p class=\"p1\" style=\"text-align: left;\">C\u2019est une soir\u00e9e de prestige \u00e0 laquelle vous \u00eates convi\u00e9s, o\u00f9 les paroles et les plus belles m\u00e9lodies sauront vous \u00e9mouvoir et vous faire vivre un grand moment de bonheur le temps d\u2019une chanson\u2026 le temps d\u2019une histoire &#8230;de la chanson fran\u00e7aise.<\/p>\n<p>T\u00e9l\u00e9chargez notre dossier de presse <a href=\"https:\/\/www.azur-music-production.com\/wp-content\/uploads\/2022\/03\/DP.pdf\" target=\"_blank\" rel=\"noopener\">ici<\/a><\/p>\n<\/div><\/section><\/p><\/div>\n<div class=\"flex_column av_one_full  flex_column_div av-zero-column-padding first  \" style='border-radius:0px; '><p><div class='avia-image-container  av-styling-circle     avia-align-center '  itemprop=\"ImageObject\" itemscope=\"itemscope\" itemtype=\"https:\/\/schema.org\/ImageObject\"  ><div class='avia-image-container-inner'><img class='avia_image ' src='https:\/\/www.azur-music-production.com\/wp-content\/uploads\/2022\/03\/Monaco-Brass-01-180x180.jpg' alt='' title='Monaco-Brass-01'   itemprop=\"thumbnailUrl\"  \/><\/div><\/div><br \/>\n<section class=\"av_textblock_section \"  itemscope=\"itemscope\" itemtype=\"https:\/\/schema.org\/CreativeWork\" ><div class='avia_textblock  '   itemprop=\"text\" ><p class=\"p1\" style=\"text-align: center;\">Grand Ensemble de Cuivres et Percussions, Monaco Brass est compos\u00e9 de musiciens\u00a0professionnels faisant partie de l\u2019Orchestre\u00a0Philharmonique de Monte-Carlo, compl\u00e9t\u00e9 par quelques membres d&rsquo;autres orchestres, gage de\u00a0partage musical et d\u2019ouverture artistique.<\/p>\n<\/div><\/section><\/p><\/div>\n","protected":false},"excerpt":{"rendered":"","protected":false},"author":2,"featured_media":4301,"parent":0,"menu_order":0,"comment_status":"closed","ping_status":"closed","template":"","meta":{"footnotes":""},"class_list":["post-4298","page","type-page","status-publish","has-post-thumbnail","hentry"],"_links":{"self":[{"href":"https:\/\/www.azur-music-production.com\/index.php?rest_route=\/wp\/v2\/pages\/4298","targetHints":{"allow":["GET"]}}],"collection":[{"href":"https:\/\/www.azur-music-production.com\/index.php?rest_route=\/wp\/v2\/pages"}],"about":[{"href":"https:\/\/www.azur-music-production.com\/index.php?rest_route=\/wp\/v2\/types\/page"}],"author":[{"embeddable":true,"href":"https:\/\/www.azur-music-production.com\/index.php?rest_route=\/wp\/v2\/users\/2"}],"replies":[{"embeddable":true,"href":"https:\/\/www.azur-music-production.com\/index.php?rest_route=%2Fwp%2Fv2%2Fcomments&post=4298"}],"version-history":[{"count":28,"href":"https:\/\/www.azur-music-production.com\/index.php?rest_route=\/wp\/v2\/pages\/4298\/revisions"}],"predecessor-version":[{"id":4502,"href":"https:\/\/www.azur-music-production.com\/index.php?rest_route=\/wp\/v2\/pages\/4298\/revisions\/4502"}],"wp:featuredmedia":[{"embeddable":true,"href":"https:\/\/www.azur-music-production.com\/index.php?rest_route=\/wp\/v2\/media\/4301"}],"wp:attachment":[{"href":"https:\/\/www.azur-music-production.com\/index.php?rest_route=%2Fwp%2Fv2%2Fmedia&parent=4298"}],"curies":[{"name":"wp","href":"https:\/\/api.w.org\/{rel}","templated":true}]}}