{"id":3736,"date":"2018-04-12T14:17:52","date_gmt":"2018-04-12T12:17:52","guid":{"rendered":"http:\/\/www.azur-music-production.com\/?page_id=3736"},"modified":"2025-03-21T15:21:45","modified_gmt":"2025-03-21T14:21:45","slug":"stephane-brunello-2","status":"publish","type":"page","link":"https:\/\/www.azur-music-production.com\/?page_id=3736","title":{"rendered":"Stephane BRUNELLO"},"content":{"rendered":"<div class=\"flex_column av_three_fourth  flex_column_div av-zero-column-padding first  \" style='border-radius:0px; '><p><div style='padding-bottom:10px;' class='av-special-heading av-special-heading-h1     '><h1 class='av-special-heading-tag '  itemprop=\"headline\"  >St\u00e9phane BRUNELLO Videos<\/h1><div class='special-heading-border'><div class='special-heading-inner-border' ><\/div><\/div><\/div><br \/>\n<div  class='avia-video avia-video-16-9   '  itemprop=\"video\" itemtype=\"https:\/\/schema.org\/VideoObject\" ><div class='avia-iframe-wrap'><iframe loading=\"lazy\" title=\"Les vagues du temps - Stephane Brunello\" width=\"1500\" height=\"844\" src=\"https:\/\/www.youtube.com\/embed\/PVkTiwY_Tnk?feature=oembed\" frameborder=\"0\" allow=\"accelerometer; autoplay; clipboard-write; encrypted-media; gyroscope; picture-in-picture; web-share\" referrerpolicy=\"strict-origin-when-cross-origin\" allowfullscreen><\/iframe><\/div><\/div><br \/>\n<section class=\"av_textblock_section \"  itemscope=\"itemscope\" itemtype=\"https:\/\/schema.org\/CreativeWork\" ><div class='avia_textblock  '   itemprop=\"text\" ><div class='avia-iframe-wrap'><iframe loading=\"lazy\" title=\"Politiquement correct- Le clip\" width=\"1500\" height=\"844\" src=\"https:\/\/www.youtube.com\/embed\/jedSBqAvJyc?feature=oembed\" frameborder=\"0\" allow=\"accelerometer; autoplay; clipboard-write; encrypted-media; gyroscope; picture-in-picture; web-share\" referrerpolicy=\"strict-origin-when-cross-origin\" allowfullscreen><\/iframe><\/div>\n<\/div><\/section><br \/>\n<section class=\"av_textblock_section \"  itemscope=\"itemscope\" itemtype=\"https:\/\/schema.org\/CreativeWork\" ><div class='avia_textblock  '   itemprop=\"text\" ><div class='avia-iframe-wrap'><iframe loading=\"lazy\" title=\"Concert de &quot;Belles ann\u00e9es&quot; Black box - Montage\" width=\"1500\" height=\"844\" src=\"https:\/\/www.youtube.com\/embed\/xt00cLmXe0o?feature=oembed\" frameborder=\"0\" allow=\"accelerometer; autoplay; clipboard-write; encrypted-media; gyroscope; picture-in-picture; web-share\" referrerpolicy=\"strict-origin-when-cross-origin\" allowfullscreen><\/iframe><\/div>\n<\/div><\/section><br \/>\n<section class=\"av_textblock_section \"  itemscope=\"itemscope\" itemtype=\"https:\/\/schema.org\/CreativeWork\" ><div class='avia_textblock  '   itemprop=\"text\" ><div class='avia-iframe-wrap'><iframe loading=\"lazy\" title=\"Apr\u00e8s\" width=\"1500\" height=\"844\" src=\"https:\/\/www.youtube.com\/embed\/UOGC9zmd3O0?feature=oembed\" frameborder=\"0\" allow=\"accelerometer; autoplay; clipboard-write; encrypted-media; gyroscope; picture-in-picture; web-share\" referrerpolicy=\"strict-origin-when-cross-origin\" allowfullscreen><\/iframe><\/div>\n<\/div><\/section><br \/>\n<section class=\"av_textblock_section \"  itemscope=\"itemscope\" itemtype=\"https:\/\/schema.org\/CreativeWork\" ><div class='avia_textblock  '   itemprop=\"text\" ><div class='avia-iframe-wrap'><iframe loading=\"lazy\" title=\"Concert Black Box - Mini best of\" width=\"1500\" height=\"844\" src=\"https:\/\/www.youtube.com\/embed\/gcNWMBzqQnY?feature=oembed\" frameborder=\"0\" allow=\"accelerometer; autoplay; clipboard-write; encrypted-media; gyroscope; picture-in-picture; web-share\" referrerpolicy=\"strict-origin-when-cross-origin\" allowfullscreen><\/iframe><\/div>\n<\/div><\/section><br \/>\n<div  class='hr hr-default  '><span class='hr-inner ' ><span class='hr-inner-style'><\/span><\/span><\/div><\/p><\/div>\n<div class=\"flex_column av_one_fourth  flex_column_div av-zero-column-padding   \" style='border-radius:0px; '><p><div style='padding-bottom:10px;color:#39c3ee;' class='av-special-heading av-special-heading-h1 custom-color-heading blockquote modern-quote   '><h1 class='av-special-heading-tag '  itemprop=\"headline\"  >ST\u00c9PHANE BRUNELLO<\/h1><div class ='av-subheading av-subheading_below av_custom_color ' style='font-size:20px;'><p>French Pop<\/p>\n<\/div><div class='special-heading-border'><div class='special-heading-inner-border' style='border-color:#39c3ee'><\/div><\/div><\/div><br \/>\n<section class=\"av_textblock_section \"  itemscope=\"itemscope\" itemtype=\"https:\/\/schema.org\/CreativeWork\" ><div class='avia_textblock  '   itemprop=\"text\" ><div>Dr\u00f4le d\u2019\u00e9poque, voil\u00e0\u00a0 le titre du 4\u00e8me album que nous livre Stephane Brunello.<\/div>\n<div><\/div>\n<div>10 nouvelles chansons dans lesquelles il fait la part belle aux textes, plus que personnels, car il les a tous sign\u00e9s.\u00a0 Il nous parle de la vie, de nos vies, de la soci\u00e9t\u00e9, \u00e0 ceux qui sont partis, \u00e0 ceux qui sont l\u00e0, de la beaut\u00e9 de l\u2019instant pr\u00e9sent&#8230;<\/div>\n<div><\/div>\n<div>Pour autant, il n\u2019en oublie pas les fondamentaux : production et arrangements subtils et l\u00e9ch\u00e9s o\u00f9 les guitares \u00e9lectriques et acoustiques s\u2019entrem\u00ealent ; entre rock et folk ;\u00a0 se m\u00e9langent \u00e0 la pop et au classique, voire m\u00eame quelques influences hip hop&#8230;<\/div>\n<div><\/div>\n<div>Stephane a mis beaucoup de lui et un peu de nous tous dans ce nouveau disque, rendant ces 10 nouvelles chansons particuli\u00e8rement touchantes.<\/div>\n<div><\/div>\n<div>Avec ce 4\u00e8me album, chronique douce-am\u00e8re sur notre monde moderne post confinement, Stephane raconte en musique une peinture personnelle de cette \u00e9poque terriblement paradoxale. Mais comme il le dit si bien dans l\u2019un de ses titres, \u201cil suffirait de presque rien\u201d&#8230;<\/div>\n<div><\/div>\n<div><\/div>\n<div><\/div>\n<div><\/div>\n<div>Lien du site : https:\/\/stephanebrunello.com\/<\/div>\n<\/div><\/section><br \/>\n<div class='avia-image-container  av-styling-circle    avia-align-center '  itemprop=\"ImageObject\" itemscope=\"itemscope\" itemtype=\"https:\/\/schema.org\/ImageObject\"  ><div class='avia-image-container-inner'><img class='avia_image ' src='https:\/\/www.azur-music-production.com\/wp-content\/uploads\/2018\/04\/ICONE-BRUNELLO.jpg' alt='' title='ICONE-BRUNELLO'   itemprop=\"thumbnailUrl\"  \/><\/div><\/div><br \/>\n<div class='avia-image-container  av-styling-circle    avia-align-center '  itemprop=\"ImageObject\" itemscope=\"itemscope\" itemtype=\"https:\/\/schema.org\/ImageObject\"  ><div class='avia-image-container-inner'><img class='avia_image ' src='https:\/\/www.azur-music-production.com\/wp-content\/uploads\/2018\/04\/BRUNELLO-6.jpg' alt='' title='BRUNELLO-6'   itemprop=\"thumbnailUrl\"  \/><\/div><\/div><br \/>\n<div class='avia-image-container  av-styling-circle    avia-align-center '  itemprop=\"ImageObject\" itemscope=\"itemscope\" itemtype=\"https:\/\/schema.org\/ImageObject\"  ><div class='avia-image-container-inner'><img class='avia_image ' src='https:\/\/www.azur-music-production.com\/wp-content\/uploads\/2018\/04\/BRUNELLO.jpg' alt='' title='BRUNELLO'   itemprop=\"thumbnailUrl\"  \/><\/div><\/div><\/p><\/div>\n","protected":false},"excerpt":{"rendered":"","protected":false},"author":2,"featured_media":0,"parent":0,"menu_order":0,"comment_status":"closed","ping_status":"closed","template":"","meta":{"footnotes":""},"class_list":["post-3736","page","type-page","status-publish","hentry"],"_links":{"self":[{"href":"https:\/\/www.azur-music-production.com\/index.php?rest_route=\/wp\/v2\/pages\/3736","targetHints":{"allow":["GET"]}}],"collection":[{"href":"https:\/\/www.azur-music-production.com\/index.php?rest_route=\/wp\/v2\/pages"}],"about":[{"href":"https:\/\/www.azur-music-production.com\/index.php?rest_route=\/wp\/v2\/types\/page"}],"author":[{"embeddable":true,"href":"https:\/\/www.azur-music-production.com\/index.php?rest_route=\/wp\/v2\/users\/2"}],"replies":[{"embeddable":true,"href":"https:\/\/www.azur-music-production.com\/index.php?rest_route=%2Fwp%2Fv2%2Fcomments&post=3736"}],"version-history":[{"count":16,"href":"https:\/\/www.azur-music-production.com\/index.php?rest_route=\/wp\/v2\/pages\/3736\/revisions"}],"predecessor-version":[{"id":4780,"href":"https:\/\/www.azur-music-production.com\/index.php?rest_route=\/wp\/v2\/pages\/3736\/revisions\/4780"}],"wp:attachment":[{"href":"https:\/\/www.azur-music-production.com\/index.php?rest_route=%2Fwp%2Fv2%2Fmedia&parent=3736"}],"curies":[{"name":"wp","href":"https:\/\/api.w.org\/{rel}","templated":true}]}}