{"id":3730,"date":"2018-04-12T14:10:51","date_gmt":"2018-04-12T12:10:51","guid":{"rendered":"http:\/\/www.azur-music-production.com\/?page_id=3730"},"modified":"2024-11-27T19:38:13","modified_gmt":"2024-11-27T18:38:13","slug":"3730-2","status":"publish","type":"page","link":"https:\/\/www.azur-music-production.com\/?page_id=3730","title":{"rendered":"Manu Carr\u00e9 Electric 5"},"content":{"rendered":"<div class=\"flex_column av_two_third  flex_column_div av-zero-column-padding first  \" style='border-radius:0px; '><p><div style='padding-bottom:10px;' class='av-special-heading av-special-heading-h1     '><h1 class='av-special-heading-tag '  itemprop=\"headline\"  >Video<\/h1><div class='special-heading-border'><div class='special-heading-inner-border' ><\/div><\/div><\/div><br \/>\n<div  class='avia-video avia-video-16-9   '  itemprop=\"video\" itemtype=\"https:\/\/schema.org\/VideoObject\" ><div class='avia-iframe-wrap'><iframe loading=\"lazy\" title=\"WHY ARE YOU\" width=\"1500\" height=\"844\" src=\"https:\/\/www.youtube.com\/embed\/LF2OsVv0clg?feature=oembed\" frameborder=\"0\" allow=\"accelerometer; autoplay; clipboard-write; encrypted-media; gyroscope; picture-in-picture; web-share\" referrerpolicy=\"strict-origin-when-cross-origin\" allowfullscreen><\/iframe><\/div><\/div><br \/>\n<section class=\"av_textblock_section \"  itemscope=\"itemscope\" itemtype=\"https:\/\/schema.org\/CreativeWork\" ><div class='avia_textblock  '   itemprop=\"text\" ><div class='avia-iframe-wrap'><iframe loading=\"lazy\" title=\"MANU CARR\u00c9 &quot;Agripper la trappe&quot;\" width=\"1500\" height=\"844\" src=\"https:\/\/www.youtube.com\/embed\/nDe2O_8W96I?feature=oembed\" frameborder=\"0\" allow=\"accelerometer; autoplay; clipboard-write; encrypted-media; gyroscope; picture-in-picture; web-share\" referrerpolicy=\"strict-origin-when-cross-origin\" allowfullscreen><\/iframe><\/div>\n<\/div><\/section><br \/>\n<section class=\"av_textblock_section \"  itemscope=\"itemscope\" itemtype=\"https:\/\/schema.org\/CreativeWork\" ><div class='avia_textblock  '   itemprop=\"text\" ><div class='avia-iframe-wrap'><iframe loading=\"lazy\" title=\"City traffic MCE5\" width=\"1500\" height=\"844\" src=\"https:\/\/www.youtube.com\/embed\/dAPhOxOCfUw?feature=oembed\" frameborder=\"0\" allow=\"accelerometer; autoplay; clipboard-write; encrypted-media; gyroscope; picture-in-picture; web-share\" referrerpolicy=\"strict-origin-when-cross-origin\" allowfullscreen><\/iframe><\/div>\n<\/div><\/section><\/p><\/div>\n<div class=\"flex_column av_one_third  flex_column_div av-zero-column-padding   \" style='border-radius:0px; '><p><div style='padding-bottom:10px;color:#39c3ee;' class='av-special-heading av-special-heading-h2 custom-color-heading blockquote modern-quote   '><h2 class='av-special-heading-tag '  itemprop=\"headline\"  >Manu carr\u00e9 \u00ab\u00a0Modders\u00a0\u00bb<\/h2><div class ='av-subheading av-subheading_below av_custom_color ' style='font-size:20px;'><p>\u00c9lectro-Jazz-Pop<\/p>\n<\/div><div class='special-heading-border'><div class='special-heading-inner-border' style='border-color:#39c3ee'><\/div><\/div><\/div><br \/>\n<section class=\"av_textblock_section \"  itemscope=\"itemscope\" itemtype=\"https:\/\/schema.org\/CreativeWork\" ><div class='avia_textblock  '   itemprop=\"text\" ><p><strong>Modders :\u00a0<\/strong><\/p>\n<p>En 2024, Manu Carr\u00e9 et Zach Plati d\u00e9voilent <em>Modders<\/em>, un projet n\u00e9 d\u2019une envie commune de repousser les limites de la cr\u00e9ation musicale. Apr\u00e8s les huit ann\u00e9es et quatre albums marquants de MCe5, le duo entame une collaboration artistique in\u00e9dite, avec Manu \u00e0 la composition musicale et Zach \u00e0 l\u2019\u00e9criture des textes. Cette complicit\u00e9, amorc\u00e9e dans le dernier album du MCe5 (<em>Soft Power<\/em>), prend aujourd\u2019hui une nouvelle dimension.<\/p>\n<p>Apr\u00e8s une ann\u00e9e d\u2019\u00e9criture et d\u2019\u00e9changes passionn\u00e9s, ils pr\u00e9parent un album m\u00ealant compositions originales et reprises d\u2019artistes embl\u00e9matiques comme David Bowie, XTC ou Talk Talk. Le guitariste Aur\u00e9lien Miguel rejoint \u00e9galement l\u2019aventure pour enrichir ce projet ambitieux. Les chansons de <em>Modders<\/em> captivent par leurs m\u00e9lodies \u00e9mouvantes et interpellent par des textes percutants qui questionnent et d\u00e9noncent. Inspir\u00e9s par leur amour pour la musique et leurs exp\u00e9riences sc\u00e9niques avec des artistes tels que Donny McCaslin et Nicolas Folmer, Manu et Zach livrent une \u0153uvre \u00e0 la fois exigeante et accessible, pens\u00e9e pour \u00e9mouvoir et faire r\u00e9fl\u00e9chir.<\/p>\n<div><\/div>\n<\/div><\/section><br \/>\n<div class='avia-image-container  av-styling-circle     avia-align-center '  itemprop=\"ImageObject\" itemscope=\"itemscope\" itemtype=\"https:\/\/schema.org\/ImageObject\"  ><div class='avia-image-container-inner'><img class='avia_image ' src='https:\/\/www.azur-music-production.com\/wp-content\/uploads\/2020\/12\/city-traffic-manu-carre-electric-5-300x266.png' alt='MCE5' title='city-traffic-manu-carre-electric-5'   itemprop=\"thumbnailUrl\"  \/><\/div><\/div><br \/>\n<div class='avia-image-container  av-styling-circle     avia-align-center '  itemprop=\"ImageObject\" itemscope=\"itemscope\" itemtype=\"https:\/\/schema.org\/ImageObject\"  ><div class='avia-image-container-inner'><img class='avia_image ' src='https:\/\/www.azur-music-production.com\/wp-content\/uploads\/2020\/12\/Manu-carre-5-live-300x300.jpg' alt='' title='Manu carr\u00e9 5 live'   itemprop=\"thumbnailUrl\"  \/><\/div><\/div><\/p><\/div>\n","protected":false},"excerpt":{"rendered":"","protected":false},"author":2,"featured_media":3280,"parent":0,"menu_order":0,"comment_status":"closed","ping_status":"closed","template":"","meta":{"footnotes":""},"class_list":["post-3730","page","type-page","status-publish","has-post-thumbnail","hentry"],"_links":{"self":[{"href":"https:\/\/www.azur-music-production.com\/index.php?rest_route=\/wp\/v2\/pages\/3730","targetHints":{"allow":["GET"]}}],"collection":[{"href":"https:\/\/www.azur-music-production.com\/index.php?rest_route=\/wp\/v2\/pages"}],"about":[{"href":"https:\/\/www.azur-music-production.com\/index.php?rest_route=\/wp\/v2\/types\/page"}],"author":[{"embeddable":true,"href":"https:\/\/www.azur-music-production.com\/index.php?rest_route=\/wp\/v2\/users\/2"}],"replies":[{"embeddable":true,"href":"https:\/\/www.azur-music-production.com\/index.php?rest_route=%2Fwp%2Fv2%2Fcomments&post=3730"}],"version-history":[{"count":13,"href":"https:\/\/www.azur-music-production.com\/index.php?rest_route=\/wp\/v2\/pages\/3730\/revisions"}],"predecessor-version":[{"id":4730,"href":"https:\/\/www.azur-music-production.com\/index.php?rest_route=\/wp\/v2\/pages\/3730\/revisions\/4730"}],"wp:featuredmedia":[{"embeddable":true,"href":"https:\/\/www.azur-music-production.com\/index.php?rest_route=\/wp\/v2\/media\/3280"}],"wp:attachment":[{"href":"https:\/\/www.azur-music-production.com\/index.php?rest_route=%2Fwp%2Fv2%2Fmedia&parent=3730"}],"curies":[{"name":"wp","href":"https:\/\/api.w.org\/{rel}","templated":true}]}}